{"id":2701,"date":"2024-05-24T09:57:39","date_gmt":"2024-05-24T07:57:39","guid":{"rendered":"https:\/\/www.piladerflice.cz\/produkt\/stepka\/"},"modified":"2025-03-21T12:03:36","modified_gmt":"2025-03-21T11:03:36","slug":"hackschnitzel","status":"publish","type":"product","link":"https:\/\/www.piladerflice.cz\/de\/produkt\/hackschnitzel\/","title":{"rendered":"Hackschnitzel"},"content":{"rendered":"<p>Olzhackschnitzel, ideal als umweltfreundlicher Brennstoff oder Mulchmaterial f\u00fcr G\u00e4rten.<br \/>\nHergestellt aus hochwertigem Holz, niedrige Feuchtigkeit sorgt f\u00fcr hohen Heizwert.<br \/>\nErh\u00e4ltlich als loses Sch\u00fcttgut oder in verpackter Form.<\/p>\n","protected":false},"excerpt":{"rendered":"<p>Olzhackschnitzel, ideal als umweltfreundlicher Brennstoff oder Mulchmaterial f\u00fcr G\u00e4rten. Hergestellt aus hochwertigem Holz, niedrige Feuchtigkeit sorgt f\u00fcr hohen Heizwert. Erh\u00e4ltlich als loses Sch\u00fcttgut oder in verpackter Form.<\/p>\n","protected":false},"featured_media":2702,"comment_status":"closed","ping_status":"closed","template":"","meta":{"_acf_changed":false,"wds_primary_product_brand":0,"wds_primary_product_cat":0},"product_brand":[],"product_cat":[152,155,158],"product_tag":[],"class_list":{"0":"post-2701","1":"product","2":"type-product","3":"status-publish","4":"has-post-thumbnail","6":"product_cat-brennholz","7":"product_cat-hackschnitzel","8":"product_cat-produktionsreste","10":"first","11":"instock","12":"taxable","13":"shipping-taxable","14":"purchasable","15":"product-type-variable"},"acf":[],"_links":{"self":[{"href":"https:\/\/www.piladerflice.cz\/de\/wp-json\/wp\/v2\/product\/2701","targetHints":{"allow":["GET"]}}],"collection":[{"href":"https:\/\/www.piladerflice.cz\/de\/wp-json\/wp\/v2\/product"}],"about":[{"href":"https:\/\/www.piladerflice.cz\/de\/wp-json\/wp\/v2\/types\/product"}],"replies":[{"embeddable":true,"href":"https:\/\/www.piladerflice.cz\/de\/wp-json\/wp\/v2\/comments?post=2701"}],"wp:featuredmedia":[{"embeddable":true,"href":"https:\/\/www.piladerflice.cz\/de\/wp-json\/wp\/v2\/media\/2702"}],"wp:attachment":[{"href":"https:\/\/www.piladerflice.cz\/de\/wp-json\/wp\/v2\/media?parent=2701"}],"wp:term":[{"taxonomy":"product_brand","embeddable":true,"href":"https:\/\/www.piladerflice.cz\/de\/wp-json\/wp\/v2\/product_brand?post=2701"},{"taxonomy":"product_cat","embeddable":true,"href":"https:\/\/www.piladerflice.cz\/de\/wp-json\/wp\/v2\/product_cat?post=2701"},{"taxonomy":"product_tag","embeddable":true,"href":"https:\/\/www.piladerflice.cz\/de\/wp-json\/wp\/v2\/product_tag?post=2701"}],"curies":[{"name":"wp","href":"https:\/\/api.w.org\/{rel}","templated":true}]}}