{"id":2676,"date":"2024-05-23T14:55:03","date_gmt":"2024-05-23T12:55:03","guid":{"rendered":"https:\/\/www.piladerflice.cz\/produkt\/palivove-drevo-tvrde-habr\/"},"modified":"2025-03-21T11:57:37","modified_gmt":"2025-03-21T10:57:37","slug":"hartholz-brennholz-hainbuche","status":"publish","type":"product","link":"https:\/\/www.piladerflice.cz\/de\/produkt\/hartholz-brennholz-hainbuche\/","title":{"rendered":"Hartholz Brennholz \u2013 Hainbuche"},"content":{"rendered":"<p>Hainbuchenholz geh\u00f6rt zu den Harth\u00f6lzern mit der h\u00f6chsten W\u00e4rmeleistung. Es sorgt f\u00fcr langanhaltende und intensive W\u00e4rme. Heizwert ca. 2300\u20132500 kWh\/m\u00b3, brennt 3\u20134 Stunden.<br \/>\nEmpfohlene Trocknungszeit 1\u20132 Jahre.<\/p>\n<p>Erh\u00e4ltliche L\u00e4ngen: 25 cm, 33 cm, 50 cm und 1 m.<\/p>\n<p>Auch in 1m\u00b3-Kisten erh\u00e4ltlich.<\/p>\n","protected":false},"excerpt":{"rendered":"<p>Hainbuchenholz geh\u00f6rt zu den Harth\u00f6lzern mit der h\u00f6chsten W\u00e4rmeleistung. Es sorgt f\u00fcr langanhaltende und intensive W\u00e4rme. Heizwert ca. 2300\u20132500 kWh\/m\u00b3, brennt 3\u20134 Stunden. Empfohlene Trocknungszeit 1\u20132 Jahre. Erh\u00e4ltliche L\u00e4ngen: 25 cm, 33 cm, 50 cm und 1 m. Auch in 1m\u00b3-Kisten erh\u00e4ltlich.<\/p>\n","protected":false},"featured_media":2677,"comment_status":"closed","ping_status":"closed","template":"","meta":{"_acf_changed":false,"wds_primary_product_brand":0,"wds_primary_product_cat":0},"product_brand":[],"product_cat":[152],"product_tag":[],"class_list":{"0":"post-2676","1":"product","2":"type-product","3":"status-publish","4":"has-post-thumbnail","6":"product_cat-brennholz","8":"first","9":"instock","10":"taxable","11":"shipping-taxable","12":"purchasable","13":"product-type-variable"},"acf":[],"_links":{"self":[{"href":"https:\/\/www.piladerflice.cz\/de\/wp-json\/wp\/v2\/product\/2676","targetHints":{"allow":["GET"]}}],"collection":[{"href":"https:\/\/www.piladerflice.cz\/de\/wp-json\/wp\/v2\/product"}],"about":[{"href":"https:\/\/www.piladerflice.cz\/de\/wp-json\/wp\/v2\/types\/product"}],"replies":[{"embeddable":true,"href":"https:\/\/www.piladerflice.cz\/de\/wp-json\/wp\/v2\/comments?post=2676"}],"wp:featuredmedia":[{"embeddable":true,"href":"https:\/\/www.piladerflice.cz\/de\/wp-json\/wp\/v2\/media\/2677"}],"wp:attachment":[{"href":"https:\/\/www.piladerflice.cz\/de\/wp-json\/wp\/v2\/media?parent=2676"}],"wp:term":[{"taxonomy":"product_brand","embeddable":true,"href":"https:\/\/www.piladerflice.cz\/de\/wp-json\/wp\/v2\/product_brand?post=2676"},{"taxonomy":"product_cat","embeddable":true,"href":"https:\/\/www.piladerflice.cz\/de\/wp-json\/wp\/v2\/product_cat?post=2676"},{"taxonomy":"product_tag","embeddable":true,"href":"https:\/\/www.piladerflice.cz\/de\/wp-json\/wp\/v2\/product_tag?post=2676"}],"curies":[{"name":"wp","href":"https:\/\/api.w.org\/{rel}","templated":true}]}}