{"id":2665,"date":"2024-05-23T20:58:06","date_gmt":"2024-05-23T18:58:06","guid":{"rendered":"https:\/\/www.piladerflice.cz\/produkt\/palivove-drevo-tvrde-dub\/"},"modified":"2025-03-21T11:55:38","modified_gmt":"2025-03-21T10:55:38","slug":"hartholz-brennholz-eiche","status":"publish","type":"product","link":"https:\/\/www.piladerflice.cz\/de\/produkt\/hartholz-brennholz-eiche\/","title":{"rendered":"Hartholz Brennholz \u2013 Eiche"},"content":{"rendered":"<p>Eichenholz mit hohem Heizwert und langer Brenndauer, ideal f\u00fcr Kamine und \u00d6fen.<br \/>\nHeizwert ca. 2100\u20132300 kWh\/m\u00b3, brennt 3\u20134 Stunden.<br \/>\nEmpfohlene Trocknungszeit 1\u20132 Jahre an einem gut bel\u00fcfteten Ort.<\/p>\n<p>Erh\u00e4ltliche L\u00e4ngen: 25 cm, 33 cm, 50 cm und 1 m.<\/p>\n<p>Auch in 1m\u00b3-Kisten erh\u00e4ltlich.<\/p>\n","protected":false},"excerpt":{"rendered":"<p>Eichenholz mit hohem Heizwert und langer Brenndauer, ideal f\u00fcr Kamine und \u00d6fen. Heizwert ca. 2100\u20132300 kWh\/m\u00b3, brennt 3\u20134 Stunden. Empfohlene Trocknungszeit 1\u20132 Jahre an einem gut bel\u00fcfteten Ort. Erh\u00e4ltliche L\u00e4ngen: 25 cm, 33 cm, 50 cm und 1 m. Auch in 1m\u00b3-Kisten erh\u00e4ltlich.<\/p>\n","protected":false},"featured_media":2666,"comment_status":"closed","ping_status":"closed","template":"","meta":{"_acf_changed":false,"wds_primary_product_brand":0,"wds_primary_product_cat":0},"product_brand":[],"product_cat":[152],"product_tag":[],"class_list":{"0":"post-2665","1":"product","2":"type-product","3":"status-publish","4":"has-post-thumbnail","6":"product_cat-brennholz","8":"first","9":"instock","10":"taxable","11":"shipping-taxable","12":"purchasable","13":"product-type-variable"},"acf":[],"_links":{"self":[{"href":"https:\/\/www.piladerflice.cz\/de\/wp-json\/wp\/v2\/product\/2665","targetHints":{"allow":["GET"]}}],"collection":[{"href":"https:\/\/www.piladerflice.cz\/de\/wp-json\/wp\/v2\/product"}],"about":[{"href":"https:\/\/www.piladerflice.cz\/de\/wp-json\/wp\/v2\/types\/product"}],"replies":[{"embeddable":true,"href":"https:\/\/www.piladerflice.cz\/de\/wp-json\/wp\/v2\/comments?post=2665"}],"wp:featuredmedia":[{"embeddable":true,"href":"https:\/\/www.piladerflice.cz\/de\/wp-json\/wp\/v2\/media\/2666"}],"wp:attachment":[{"href":"https:\/\/www.piladerflice.cz\/de\/wp-json\/wp\/v2\/media?parent=2665"}],"wp:term":[{"taxonomy":"product_brand","embeddable":true,"href":"https:\/\/www.piladerflice.cz\/de\/wp-json\/wp\/v2\/product_brand?post=2665"},{"taxonomy":"product_cat","embeddable":true,"href":"https:\/\/www.piladerflice.cz\/de\/wp-json\/wp\/v2\/product_cat?post=2665"},{"taxonomy":"product_tag","embeddable":true,"href":"https:\/\/www.piladerflice.cz\/de\/wp-json\/wp\/v2\/product_tag?post=2665"}],"curies":[{"name":"wp","href":"https:\/\/api.w.org\/{rel}","templated":true}]}}