{"id":2626,"date":"2024-05-24T10:03:30","date_gmt":"2024-05-24T08:03:30","guid":{"rendered":"https:\/\/www.piladerflice.cz\/produkt\/odkory-na-topeni\/"},"modified":"2025-03-21T10:39:35","modified_gmt":"2025-03-21T09:39:35","slug":"abfluesse-fuer-die-heizung","status":"publish","type":"product","link":"https:\/\/www.piladerflice.cz\/de\/produkt\/abfluesse-fuer-die-heizung\/","title":{"rendered":"Abfl\u00fcsse f\u00fcr die Heizung"},"content":{"rendered":"<p>Preiswerter und effizienter Brennstoff aus entrindeten Holzst\u00fccken. Geeignet f\u00fcr \u00d6fen, Kamine und Heizkessel. Bietet einen hohen Heizwert bei minimalen Kosten. Erh\u00e4ltlich in loser Sch\u00fcttung oder verpackt je nach Kundenwunsch<\/p>\n","protected":false},"excerpt":{"rendered":"<p>Preiswerter und effizienter Brennstoff aus entrindeten Holzst\u00fccken. Geeignet f\u00fcr \u00d6fen, Kamine und Heizkessel. Bietet einen hohen Heizwert bei minimalen Kosten. Erh\u00e4ltlich in loser Sch\u00fcttung oder verpackt je nach Kundenwunsch<\/p>\n","protected":false},"featured_media":2627,"comment_status":"closed","ping_status":"closed","template":"","meta":{"_acf_changed":false,"wds_primary_product_brand":0,"wds_primary_product_cat":0},"product_brand":[],"product_cat":[152,153,158],"product_tag":[],"class_list":{"0":"post-2626","1":"product","2":"type-product","3":"status-publish","4":"has-post-thumbnail","6":"product_cat-brennholz","7":"product_cat-rinde-als-brennstoff","8":"product_cat-produktionsreste","10":"first","11":"instock","12":"taxable","13":"shipping-taxable","14":"purchasable","15":"product-type-variable"},"acf":[],"_links":{"self":[{"href":"https:\/\/www.piladerflice.cz\/de\/wp-json\/wp\/v2\/product\/2626","targetHints":{"allow":["GET"]}}],"collection":[{"href":"https:\/\/www.piladerflice.cz\/de\/wp-json\/wp\/v2\/product"}],"about":[{"href":"https:\/\/www.piladerflice.cz\/de\/wp-json\/wp\/v2\/types\/product"}],"replies":[{"embeddable":true,"href":"https:\/\/www.piladerflice.cz\/de\/wp-json\/wp\/v2\/comments?post=2626"}],"wp:featuredmedia":[{"embeddable":true,"href":"https:\/\/www.piladerflice.cz\/de\/wp-json\/wp\/v2\/media\/2627"}],"wp:attachment":[{"href":"https:\/\/www.piladerflice.cz\/de\/wp-json\/wp\/v2\/media?parent=2626"}],"wp:term":[{"taxonomy":"product_brand","embeddable":true,"href":"https:\/\/www.piladerflice.cz\/de\/wp-json\/wp\/v2\/product_brand?post=2626"},{"taxonomy":"product_cat","embeddable":true,"href":"https:\/\/www.piladerflice.cz\/de\/wp-json\/wp\/v2\/product_cat?post=2626"},{"taxonomy":"product_tag","embeddable":true,"href":"https:\/\/www.piladerflice.cz\/de\/wp-json\/wp\/v2\/product_tag?post=2626"}],"curies":[{"name":"wp","href":"https:\/\/api.w.org\/{rel}","templated":true}]}}