{"id":2556,"date":"2024-05-23T12:04:34","date_gmt":"2024-05-23T10:04:34","guid":{"rendered":"https:\/\/www.piladerflice.cz\/produkt\/okrasne-kamenivo\/"},"modified":"2025-03-20T22:33:47","modified_gmt":"2025-03-20T21:33:47","slug":"ornamentale-aggregate","status":"publish","type":"product","link":"https:\/\/www.piladerflice.cz\/de\/produkt\/ornamentale-aggregate\/","title":{"rendered":"Ornamentale Aggregate"},"content":{"rendered":"<p>Dekorativer Kies, ideal f\u00fcr G\u00e4rten, Gehwege, Teiche und Zierbeete.<br \/>\nErh\u00e4ltlich in verschiedenen K\u00f6rnungen und Farbvarianten, geeignet f\u00fcr gestalterische Anpassungen und praktische Anwendungen.<br \/>\nErh\u00e4ltlich in S\u00e4cken oder lose je nach Kundenwunsch.<\/p>\n<p>Preis ab 1 CZK pro kg.<\/p>\n","protected":false},"excerpt":{"rendered":"<p>Dekorativer Kies, ideal f\u00fcr G\u00e4rten, Gehwege, Teiche und Zierbeete. Erh\u00e4ltlich in verschiedenen K\u00f6rnungen und Farbvarianten, geeignet f\u00fcr gestalterische Anpassungen und praktische Anwendungen. Erh\u00e4ltlich in S\u00e4cken oder lose je nach Kundenwunsch. Preis ab 1 CZK pro kg.<\/p>\n","protected":false},"featured_media":2557,"comment_status":"closed","ping_status":"closed","template":"","meta":{"_acf_changed":false,"wds_primary_product_brand":0,"wds_primary_product_cat":0},"product_brand":[],"product_cat":[148,157],"product_tag":[],"class_list":{"0":"post-2556","1":"product","2":"type-product","3":"status-publish","4":"has-post-thumbnail","6":"product_cat-ziersteine","7":"product_cat-andere","9":"first","10":"instock","11":"taxable","12":"shipping-taxable","13":"purchasable","14":"product-type-variable"},"acf":[],"_links":{"self":[{"href":"https:\/\/www.piladerflice.cz\/de\/wp-json\/wp\/v2\/product\/2556","targetHints":{"allow":["GET"]}}],"collection":[{"href":"https:\/\/www.piladerflice.cz\/de\/wp-json\/wp\/v2\/product"}],"about":[{"href":"https:\/\/www.piladerflice.cz\/de\/wp-json\/wp\/v2\/types\/product"}],"replies":[{"embeddable":true,"href":"https:\/\/www.piladerflice.cz\/de\/wp-json\/wp\/v2\/comments?post=2556"}],"wp:featuredmedia":[{"embeddable":true,"href":"https:\/\/www.piladerflice.cz\/de\/wp-json\/wp\/v2\/media\/2557"}],"wp:attachment":[{"href":"https:\/\/www.piladerflice.cz\/de\/wp-json\/wp\/v2\/media?parent=2556"}],"wp:term":[{"taxonomy":"product_brand","embeddable":true,"href":"https:\/\/www.piladerflice.cz\/de\/wp-json\/wp\/v2\/product_brand?post=2556"},{"taxonomy":"product_cat","embeddable":true,"href":"https:\/\/www.piladerflice.cz\/de\/wp-json\/wp\/v2\/product_cat?post=2556"},{"taxonomy":"product_tag","embeddable":true,"href":"https:\/\/www.piladerflice.cz\/de\/wp-json\/wp\/v2\/product_tag?post=2556"}],"curies":[{"name":"wp","href":"https:\/\/api.w.org\/{rel}","templated":true}]}}