{"id":2545,"date":"2024-05-23T12:22:18","date_gmt":"2024-05-23T10:22:18","guid":{"rendered":"https:\/\/www.piladerflice.cz\/produkt\/prkna-24-mm\/"},"modified":"2025-03-20T22:29:38","modified_gmt":"2025-03-20T21:29:38","slug":"bretter-24-mm","status":"publish","type":"product","link":"https:\/\/www.piladerflice.cz\/de\/produkt\/bretter-24-mm\/","title":{"rendered":"Bretter 24 mm"},"content":{"rendered":"<p>Hochwertige Bauholzbretter f\u00fcr Schalungen, Fu\u00dfb\u00f6den und andere Anwendungen.<\/p>\n<p>Erh\u00e4ltlich in verschiedenen Gr\u00f6\u00dfen mit einer St\u00e4rke von 24 mm.<\/p>\n","protected":false},"excerpt":{"rendered":"<p>Hochwertige Bauholzbretter f\u00fcr Schalungen, Fu\u00dfb\u00f6den und andere Anwendungen. Erh\u00e4ltlich in verschiedenen Gr\u00f6\u00dfen mit einer St\u00e4rke von 24 mm.<\/p>\n","protected":false},"featured_media":2546,"comment_status":"closed","ping_status":"closed","template":"","meta":{"_acf_changed":false,"wds_primary_product_brand":0,"wds_primary_product_cat":0},"product_brand":[],"product_cat":[149,156],"product_tag":[],"class_list":{"0":"post-2545","1":"product","2":"type-product","3":"status-publish","4":"has-post-thumbnail","6":"product_cat-bretter","7":"product_cat-bauholz","9":"first","10":"instock","11":"taxable","12":"shipping-taxable","13":"purchasable","14":"product-type-variable"},"acf":[],"_links":{"self":[{"href":"https:\/\/www.piladerflice.cz\/de\/wp-json\/wp\/v2\/product\/2545","targetHints":{"allow":["GET"]}}],"collection":[{"href":"https:\/\/www.piladerflice.cz\/de\/wp-json\/wp\/v2\/product"}],"about":[{"href":"https:\/\/www.piladerflice.cz\/de\/wp-json\/wp\/v2\/types\/product"}],"replies":[{"embeddable":true,"href":"https:\/\/www.piladerflice.cz\/de\/wp-json\/wp\/v2\/comments?post=2545"}],"wp:featuredmedia":[{"embeddable":true,"href":"https:\/\/www.piladerflice.cz\/de\/wp-json\/wp\/v2\/media\/2546"}],"wp:attachment":[{"href":"https:\/\/www.piladerflice.cz\/de\/wp-json\/wp\/v2\/media?parent=2545"}],"wp:term":[{"taxonomy":"product_brand","embeddable":true,"href":"https:\/\/www.piladerflice.cz\/de\/wp-json\/wp\/v2\/product_brand?post=2545"},{"taxonomy":"product_cat","embeddable":true,"href":"https:\/\/www.piladerflice.cz\/de\/wp-json\/wp\/v2\/product_cat?post=2545"},{"taxonomy":"product_tag","embeddable":true,"href":"https:\/\/www.piladerflice.cz\/de\/wp-json\/wp\/v2\/product_tag?post=2545"}],"curies":[{"name":"wp","href":"https:\/\/api.w.org\/{rel}","templated":true}]}}