{"id":2507,"date":"2024-05-23T13:27:23","date_gmt":"2024-05-23T11:27:23","guid":{"rendered":"https:\/\/www.piladerflice.cz\/produkt\/fosny\/"},"modified":"2025-03-20T22:27:56","modified_gmt":"2025-03-20T21:27:56","slug":"bohlen","status":"publish","type":"product","link":"https:\/\/www.piladerflice.cz\/de\/produkt\/bohlen\/","title":{"rendered":"Bohlen"},"content":{"rendered":"<p>Robuste Bohlen, ideal f\u00fcr Fu\u00dfb\u00f6den, Schalungen oder Konstruktionselemente. Erh\u00e4ltlich in verschiedenen Breiten und St\u00e4rken. Hochwertiges Holz f\u00fcr Stabilit\u00e4t und Langlebigkeit.<\/p>\n<p>&nbsp;<\/p>\n","protected":false},"excerpt":{"rendered":"<p>Robuste Bohlen, ideal f\u00fcr Fu\u00dfb\u00f6den, Schalungen oder Konstruktionselemente. Erh\u00e4ltlich in verschiedenen Breiten und St\u00e4rken. Hochwertiges Holz f\u00fcr Stabilit\u00e4t und Langlebigkeit. &nbsp;<\/p>\n","protected":false},"featured_media":2508,"comment_status":"closed","ping_status":"closed","template":"","meta":{"_acf_changed":false,"wds_primary_product_brand":0,"wds_primary_product_cat":0},"product_brand":[],"product_cat":[147,156],"product_tag":[],"class_list":{"0":"post-2507","1":"product","2":"type-product","3":"status-publish","4":"has-post-thumbnail","6":"product_cat-bohlen","7":"product_cat-bauholz","9":"first","10":"instock","11":"taxable","12":"shipping-taxable","13":"purchasable","14":"product-type-variable"},"acf":[],"_links":{"self":[{"href":"https:\/\/www.piladerflice.cz\/de\/wp-json\/wp\/v2\/product\/2507","targetHints":{"allow":["GET"]}}],"collection":[{"href":"https:\/\/www.piladerflice.cz\/de\/wp-json\/wp\/v2\/product"}],"about":[{"href":"https:\/\/www.piladerflice.cz\/de\/wp-json\/wp\/v2\/types\/product"}],"replies":[{"embeddable":true,"href":"https:\/\/www.piladerflice.cz\/de\/wp-json\/wp\/v2\/comments?post=2507"}],"wp:featuredmedia":[{"embeddable":true,"href":"https:\/\/www.piladerflice.cz\/de\/wp-json\/wp\/v2\/media\/2508"}],"wp:attachment":[{"href":"https:\/\/www.piladerflice.cz\/de\/wp-json\/wp\/v2\/media?parent=2507"}],"wp:term":[{"taxonomy":"product_brand","embeddable":true,"href":"https:\/\/www.piladerflice.cz\/de\/wp-json\/wp\/v2\/product_brand?post=2507"},{"taxonomy":"product_cat","embeddable":true,"href":"https:\/\/www.piladerflice.cz\/de\/wp-json\/wp\/v2\/product_cat?post=2507"},{"taxonomy":"product_tag","embeddable":true,"href":"https:\/\/www.piladerflice.cz\/de\/wp-json\/wp\/v2\/product_tag?post=2507"}],"curies":[{"name":"wp","href":"https:\/\/api.w.org\/{rel}","templated":true}]}}