{"id":2493,"date":"2024-05-23T13:55:12","date_gmt":"2024-05-23T11:55:12","guid":{"rendered":"https:\/\/www.piladerflice.cz\/produkt\/hranoly\/"},"modified":"2025-03-20T22:18:37","modified_gmt":"2025-03-20T21:18:37","slug":"balken","status":"publish","type":"product","link":"https:\/\/www.piladerflice.cz\/de\/produkt\/balken\/","title":{"rendered":"Balken"},"content":{"rendered":"<p>Massive Holzbalken f\u00fcr Dachst\u00fchle, Decken und tragende Geb\u00e4udeteile.<\/p>\n<p>Hergestellt aus langlebigem Holz, verschiedene Gr\u00f6\u00dfen verf\u00fcgbar.<\/p>\n<p>&nbsp;<\/p>\n","protected":false},"excerpt":{"rendered":"<p>Massive Holzbalken f\u00fcr Dachst\u00fchle, Decken und tragende Geb\u00e4udeteile. Hergestellt aus langlebigem Holz, verschiedene Gr\u00f6\u00dfen verf\u00fcgbar. &nbsp;<\/p>\n","protected":false},"featured_media":2494,"comment_status":"closed","ping_status":"closed","template":"","meta":{"_acf_changed":false,"wds_primary_product_brand":0,"wds_primary_product_cat":0},"product_brand":[],"product_cat":[150,156],"product_tag":[],"class_list":{"0":"post-2493","1":"product","2":"type-product","3":"status-publish","4":"has-post-thumbnail","6":"product_cat-balken","7":"product_cat-bauholz","9":"first","10":"instock","11":"taxable","12":"shipping-taxable","13":"purchasable","14":"product-type-variable"},"acf":[],"_links":{"self":[{"href":"https:\/\/www.piladerflice.cz\/de\/wp-json\/wp\/v2\/product\/2493","targetHints":{"allow":["GET"]}}],"collection":[{"href":"https:\/\/www.piladerflice.cz\/de\/wp-json\/wp\/v2\/product"}],"about":[{"href":"https:\/\/www.piladerflice.cz\/de\/wp-json\/wp\/v2\/types\/product"}],"replies":[{"embeddable":true,"href":"https:\/\/www.piladerflice.cz\/de\/wp-json\/wp\/v2\/comments?post=2493"}],"wp:featuredmedia":[{"embeddable":true,"href":"https:\/\/www.piladerflice.cz\/de\/wp-json\/wp\/v2\/media\/2494"}],"wp:attachment":[{"href":"https:\/\/www.piladerflice.cz\/de\/wp-json\/wp\/v2\/media?parent=2493"}],"wp:term":[{"taxonomy":"product_brand","embeddable":true,"href":"https:\/\/www.piladerflice.cz\/de\/wp-json\/wp\/v2\/product_brand?post=2493"},{"taxonomy":"product_cat","embeddable":true,"href":"https:\/\/www.piladerflice.cz\/de\/wp-json\/wp\/v2\/product_cat?post=2493"},{"taxonomy":"product_tag","embeddable":true,"href":"https:\/\/www.piladerflice.cz\/de\/wp-json\/wp\/v2\/product_tag?post=2493"}],"curies":[{"name":"wp","href":"https:\/\/api.w.org\/{rel}","templated":true}]}}