{"id":2482,"date":"2024-05-23T14:32:48","date_gmt":"2024-05-23T12:32:48","guid":{"rendered":"https:\/\/www.piladerflice.cz\/produkt\/stresni-late\/"},"modified":"2025-03-20T16:13:04","modified_gmt":"2025-03-20T15:13:04","slug":"dachlatten","status":"publish","type":"product","link":"https:\/\/www.piladerflice.cz\/de\/produkt\/dachlatten\/","title":{"rendered":"Dachlatten"},"content":{"rendered":"<p>Bauholzlatten f\u00fcr Dachkonstruktionen, Unterkonstruktionen und andere Bauanwendungen. Hergestellt aus hochwertigem Holz, erh\u00e4ltlich in verschiedenen L\u00e4ngen und Querschnitten. Ideal f\u00fcr pr\u00e4zise und zuverl\u00e4ssige Konstruktionen.<\/p>\n","protected":false},"excerpt":{"rendered":"<p>Bauholzlatten f\u00fcr Dachkonstruktionen, Unterkonstruktionen und andere Bauanwendungen. Hergestellt aus hochwertigem Holz, erh\u00e4ltlich in verschiedenen L\u00e4ngen und Querschnitten. Ideal f\u00fcr pr\u00e4zise und zuverl\u00e4ssige Konstruktionen.<\/p>\n","protected":false},"featured_media":2483,"comment_status":"closed","ping_status":"closed","template":"","meta":{"_acf_changed":false,"wds_primary_product_brand":0,"wds_primary_product_cat":0},"product_brand":[],"product_cat":[151,156],"product_tag":[],"class_list":{"0":"post-2482","1":"product","2":"type-product","3":"status-publish","4":"has-post-thumbnail","6":"product_cat-dachlatten","7":"product_cat-bauholz","9":"first","10":"instock","11":"taxable","12":"shipping-taxable","13":"purchasable","14":"product-type-variable"},"acf":[],"_links":{"self":[{"href":"https:\/\/www.piladerflice.cz\/de\/wp-json\/wp\/v2\/product\/2482","targetHints":{"allow":["GET"]}}],"collection":[{"href":"https:\/\/www.piladerflice.cz\/de\/wp-json\/wp\/v2\/product"}],"about":[{"href":"https:\/\/www.piladerflice.cz\/de\/wp-json\/wp\/v2\/types\/product"}],"replies":[{"embeddable":true,"href":"https:\/\/www.piladerflice.cz\/de\/wp-json\/wp\/v2\/comments?post=2482"}],"wp:featuredmedia":[{"embeddable":true,"href":"https:\/\/www.piladerflice.cz\/de\/wp-json\/wp\/v2\/media\/2483"}],"wp:attachment":[{"href":"https:\/\/www.piladerflice.cz\/de\/wp-json\/wp\/v2\/media?parent=2482"}],"wp:term":[{"taxonomy":"product_brand","embeddable":true,"href":"https:\/\/www.piladerflice.cz\/de\/wp-json\/wp\/v2\/product_brand?post=2482"},{"taxonomy":"product_cat","embeddable":true,"href":"https:\/\/www.piladerflice.cz\/de\/wp-json\/wp\/v2\/product_cat?post=2482"},{"taxonomy":"product_tag","embeddable":true,"href":"https:\/\/www.piladerflice.cz\/de\/wp-json\/wp\/v2\/product_tag?post=2482"}],"curies":[{"name":"wp","href":"https:\/\/api.w.org\/{rel}","templated":true}]}}