{"id":2479,"date":"2024-12-06T14:09:08","date_gmt":"2024-12-06T13:09:08","guid":{"rendered":"https:\/\/www.piladerflice.cz\/produkt\/palivove-drevo-tvrde-briza\/"},"modified":"2025-03-20T22:38:19","modified_gmt":"2025-03-20T21:38:19","slug":"brennholz-hartholz-birke","status":"publish","type":"product","link":"https:\/\/www.piladerflice.cz\/de\/produkt\/brennholz-hartholz-birke\/","title":{"rendered":"Brennholz Hartholz \u2013 Birke"},"content":{"rendered":"<p>Birkenholz ist beliebt f\u00fcr seine gleichm\u00e4\u00dfige Verbrennung, geringe Rauchentwicklung und angenehmen Duft. Es eignet sich hervorragend zum Heizen in Kaminen und \u00d6fen. Heizwert ca. 1900\u20132100 kWh\/m\u00b3, brennt 2\u20133 Stunden. Empfohlene Trocknungszeit 1\u20132 Jahre an einem trockenen und gut bel\u00fcfteten Ort.<\/p>\n<p><strong>Erh\u00e4ltliche L\u00e4ngen: 25 cm, 33 cm, 50 cm und 1 m.<\/strong><\/p>\n<p><strong>Auch in 1m\u00b3-Kisten erh\u00e4ltlich.<\/strong><\/p>\n","protected":false},"excerpt":{"rendered":"<p>Birkenholz ist beliebt f\u00fcr seine gleichm\u00e4\u00dfige Verbrennung, geringe Rauchentwicklung und angenehmen Duft. Es eignet sich hervorragend zum Heizen in Kaminen und \u00d6fen. Heizwert ca. 1900\u20132100 kWh\/m\u00b3, brennt 2\u20133 Stunden. Empfohlene Trocknungszeit 1\u20132 Jahre an einem trockenen und gut bel\u00fcfteten Ort. Erh\u00e4ltliche L\u00e4ngen: 25 cm, 33 cm, 50 cm und 1 m. Auch in 1m\u00b3-Kisten erh\u00e4ltlich.<\/p>\n","protected":false},"featured_media":2480,"comment_status":"closed","ping_status":"closed","template":"","meta":{"_acf_changed":false,"wds_primary_product_brand":0,"wds_primary_product_cat":0},"product_brand":[],"product_cat":[152],"product_tag":[],"class_list":{"0":"post-2479","1":"product","2":"type-product","3":"status-publish","4":"has-post-thumbnail","6":"product_cat-brennholz","8":"first","9":"instock","10":"taxable","11":"shipping-taxable","12":"product-type-simple"},"acf":[],"_links":{"self":[{"href":"https:\/\/www.piladerflice.cz\/de\/wp-json\/wp\/v2\/product\/2479","targetHints":{"allow":["GET"]}}],"collection":[{"href":"https:\/\/www.piladerflice.cz\/de\/wp-json\/wp\/v2\/product"}],"about":[{"href":"https:\/\/www.piladerflice.cz\/de\/wp-json\/wp\/v2\/types\/product"}],"replies":[{"embeddable":true,"href":"https:\/\/www.piladerflice.cz\/de\/wp-json\/wp\/v2\/comments?post=2479"}],"wp:featuredmedia":[{"embeddable":true,"href":"https:\/\/www.piladerflice.cz\/de\/wp-json\/wp\/v2\/media\/2480"}],"wp:attachment":[{"href":"https:\/\/www.piladerflice.cz\/de\/wp-json\/wp\/v2\/media?parent=2479"}],"wp:term":[{"taxonomy":"product_brand","embeddable":true,"href":"https:\/\/www.piladerflice.cz\/de\/wp-json\/wp\/v2\/product_brand?post=2479"},{"taxonomy":"product_cat","embeddable":true,"href":"https:\/\/www.piladerflice.cz\/de\/wp-json\/wp\/v2\/product_cat?post=2479"},{"taxonomy":"product_tag","embeddable":true,"href":"https:\/\/www.piladerflice.cz\/de\/wp-json\/wp\/v2\/product_tag?post=2479"}],"curies":[{"name":"wp","href":"https:\/\/api.w.org\/{rel}","templated":true}]}}